{"id":32,"date":"2013-08-22T21:58:11","date_gmt":"2013-08-22T19:58:11","guid":{"rendered":"https:\/\/jeanloeckx.be\/new\/?page_id=32"},"modified":"2013-09-04T16:53:03","modified_gmt":"2013-09-04T14:53:03","slug":"terranaute","status":"publish","type":"page","link":"https:\/\/jeanloeckx.be\/?page_id=32","title":{"rendered":"Terranaute"},"content":{"rendered":"<p>Ame : terranaute, bivouaquant -en attendant l\u2019appui cosmique- dans une<br \/>\nantichambre d\u2019h\u00f4te : \u201cAu Corps Physique\u201d.<\/p>\n<p>Pour ma Nani,<br \/>\ncette \u00e9preuve de po\u00e9sie-non-fiction,<br \/>\nce po\u00e8me d\u2019\u00e2me et de corps.<\/p>\n<p>Devise : m\u00e9taphore m\u00e9taphare.<\/p>\n<p><a href=\"https:\/\/jeanloeckx.be\/downloads\/terranaute.doc\"><em><strong>Document en format Word<\/strong><\/em><\/a><\/p>\n","protected":false},"excerpt":{"rendered":"<p>Ame : terranaute, bivouaquant -en attendant l\u2019appui cosmique- dans une antichambre d\u2019h\u00f4te : \u201cAu Corps Physique\u201d. Pour ma Nani, cette \u00e9preuve de po\u00e9sie-non-fiction, ce po\u00e8me d\u2019\u00e2me et de corps. Devise [&hellip;]<\/p>\n","protected":false},"author":3,"featured_media":0,"parent":0,"menu_order":0,"comment_status":"open","ping_status":"open","template":"","meta":{"footnotes":""},"class_list":["post-32","page","type-page","status-publish","hentry"],"_links":{"self":[{"href":"https:\/\/jeanloeckx.be\/index.php?rest_route=\/wp\/v2\/pages\/32","targetHints":{"allow":["GET"]}}],"collection":[{"href":"https:\/\/jeanloeckx.be\/index.php?rest_route=\/wp\/v2\/pages"}],"about":[{"href":"https:\/\/jeanloeckx.be\/index.php?rest_route=\/wp\/v2\/types\/page"}],"author":[{"embeddable":true,"href":"https:\/\/jeanloeckx.be\/index.php?rest_route=\/wp\/v2\/users\/3"}],"replies":[{"embeddable":true,"href":"https:\/\/jeanloeckx.be\/index.php?rest_route=%2Fwp%2Fv2%2Fcomments&post=32"}],"version-history":[{"count":3,"href":"https:\/\/jeanloeckx.be\/index.php?rest_route=\/wp\/v2\/pages\/32\/revisions"}],"predecessor-version":[{"id":85,"href":"https:\/\/jeanloeckx.be\/index.php?rest_route=\/wp\/v2\/pages\/32\/revisions\/85"}],"wp:attachment":[{"href":"https:\/\/jeanloeckx.be\/index.php?rest_route=%2Fwp%2Fv2%2Fmedia&parent=32"}],"curies":[{"name":"wp","href":"https:\/\/api.w.org\/{rel}","templated":true}]}}